{"id":1622,"date":"2022-05-19T14:22:19","date_gmt":"2022-05-19T14:22:19","guid":{"rendered":"https:\/\/vng-innova.com\/politica-privacidad\/"},"modified":"2022-05-19T14:22:19","modified_gmt":"2022-05-19T14:22:19","slug":"politica-privacidad","status":"publish","type":"page","link":"https:\/\/vng-innova.com\/ca\/politica-privacidad\/","title":{"rendered":"Pol\u00edtica de privacidad"},"content":{"rendered":"[vc_row][vc_column][vc_column_text]\r\n<h4><strong>Datos relativos al Responsable<\/strong><\/h4>\r\n<p><strong><br \/>Responsable Tratamiento<\/strong><br \/>Empresa: VNG-INNOVA SL &#8211; B16773517<br \/>Direccion: C\/ CORREO, 80 &#8211; 08800 VILANOVA I LA GELTR\u00da<br \/>Contacto: arafael.vnginnova@gmail.com &#8211; 935319480<\/p>\r\n<p><strong>Delegado Proteccion de Datos<\/strong><br \/>Nombre: <span>Aurelia Rafael<\/span><br \/>Contacto: 697355360<\/p>\r\n<p><strong>Finalidades<\/strong><\/p>\r\n<p>En cumplimiento de lo dispuesto en el Reglamento Europeo 2016\/679 General de Protecci\u00f3n de Datos, le informamos de que, dependiendo de la relaci\u00f3n que tenga con nosotros, en <strong>VNG-INNOVA SL<\/strong>\u00a0tratamos los datos que nos facilita para alguna, o todas, las siguientes finalidades:<\/p>\r\n<ul>\r\n<li>Archivo\/historial de trabajadores y extrabajadores de la empresa<\/li>\r\n<li>Compra\/venta de bienes y servicios.<\/li>\r\n<li>Control y supervisi\u00f3n de la eficiencia y calidad de la entidad<\/li>\r\n<li>Control y vigilancia de acceso a lugares<\/li>\r\n<li>Coordinaci\u00f3n de actividades empresariales<\/li>\r\n<li>Creaci\u00f3n de contratos, confecci\u00f3n de n\u00f3minas y otras tareas relacionadas<\/li>\r\n<li>Env\u00edo de informaci\u00f3n comercial de la entidad mediante correo postal, correo electr\u00f3nico u otros<\/li>\r\n<li>Formaci\u00f3n<\/li>\r\n<li>Gesti\u00f3n contable, administrativa, de facturaci\u00f3n, de cobros y pagos<\/li>\r\n<li>Mantenimiento de la relaci\u00f3n laboral y contra-prestaci\u00f3n por los trabajos realizados<\/li>\r\n<li>Prestarles un servicio<\/li>\r\n<li>Publicaci\u00f3n en datos de car\u00e1cter personal en las diferentes rede sociales u otros m\u00e9todos de publicaci\u00f3n<\/li>\r\n<li>Realizaci\u00f3n de cobro mediante TPV<\/li>\r\n<li>Realizaci\u00f3n de un curso\/formaci\u00f3n mediante p\u00e1gina web\/plataforma.<\/li>\r\n<li>Recepci\u00f3n de la prestaci\u00f3n de un servicio<\/li>\r\n<li>Registro de los cursos\/formaciones realizadas<\/li>\r\n<li>Seguridad de la entidad.<\/li>\r\n<li>Servicio postventa y fidelizaci\u00f3n<\/li>\r\n<li>Tramitaci\u00f3n de altas y bajas por enfermedad com\u00fan o accidente laboral<\/li>\r\n<li>Tramitaci\u00f3n de presupuestos<\/li>\r\n<li>Tratamiento de datos para cursos y formaciones<\/li>\r\n<li>Utilizaci\u00f3n de datos derivados de las actividades de la empresa<\/li>\r\n<\/ul>\r\n<p><strong>Plazo de conservaci\u00f3n de los datos<\/strong><\/p>\r\n<p>Sus datos ser\u00e1n conservados mientras dure la relaci\u00f3n contractual, comercial o de otro tipo con nuestra entidad, solicite su supresi\u00f3n, as\u00ed como el tiempo necesario para cumplir las obligaciones legales.<\/p>\r\n<p><strong>Legitimaci\u00f3n<\/strong><\/p>\r\n<p>La base legal para el tratamiento de tus datos radica por:<\/p>\r\n<ul>\r\n<li>Consentimiento inequ\u00edvoco<\/li>\r\n<li>Ejecuci\u00f3n de un contrato<\/li>\r\n<li>Inter\u00e9s leg\u00edtimo por parte del responsable del tratamiento<\/li>\r\n<li>Proteger el interes vital de un afectado<\/li>\r\n<\/ul>\r\n<p><strong>Destinatarios<\/strong><\/p>\r\n<p>Sus datos personales ser\u00e1n comunicados a terceros en los siguientes supuestos:<\/p>\r\n<ul>\r\n<li>A otros responsables del tratamiento<\/li>\r\n<li>Administraci\u00f3n tributaria<\/li>\r\n<li>Agencia de Seguridad<\/li>\r\n<li>Bancos y entidades financieras<\/li>\r\n<li>Encargados de destrucci\u00f3n de documentaci\u00f3n<\/li>\r\n<li>Entidades de Consultor\u00eda\/Auditor\u00eda<\/li>\r\n<li>Entidades de formaci\u00f3n<\/li>\r\n<li>Entidades de publicidad y marketing<\/li>\r\n<li>Entidades inform\u00e1ticas de mantenimiento de software y hardware<\/li>\r\n<li>Gestor\u00eda\/Asesor\u00eda<\/li>\r\n<li>Seguridad social<\/li>\r\n<li>Servicio de Prevenci\u00f3n de Riesgos Laborales<\/li>\r\n<\/ul>\r\n<p><strong>Derechos<\/strong><\/p>\r\n<p>Tiene derecho a obtener confirmaci\u00f3n sobre si en <strong>VNG-INNOVA SL<\/strong>\u00a0estamos tratando datos personales que le conciernan, o no.<\/p>\r\n<p>Asimismo, tiene derecho de acceso a sus datos personales, as\u00ed como a solicitar la\u00a0<em>rectificaci\u00f3n<\/em>\u00a0de los datos inexactos o, en su caso, solicitar su\u00a0<em>supresi\u00f3n<\/em>\u00a0cuando, entre otros motivos, los datos ya no sean necesarios para los fines que fueron recogidos.<\/p>\r\n<p>En determinadas circunstancias, podr\u00e1 solicitar la\u00a0<em>limitaci\u00f3n del tratamiento<\/em>\u00a0de sus datos, en cuyo caso \u00fanicamente los conservaremos para el ejercicio o la defensa de reclamaciones.<\/p>\r\n<p>Adicionalmente, en determinadas circunstancias y por motivos relacionados con tu situaci\u00f3n particular, podr\u00e1 ejercer el derecho de\u00a0<em>oposici\u00f3n<\/em> al tratamiento de sus datos. <strong>VNG-INNOVA SL<\/strong> dejar\u00e1 de tratar los datos, salvo por motivos leg\u00edtimos imperiosos, o el ejercicio o la defensa de posibles reclamaciones.<\/p>\r\n<p>Asimismo, puede ejercer el derecho a la\u00a0<em>portabilidad<\/em>\u00a0de los datos, as\u00ed como retirar los consentimientos facilitados en cualquier momento, sin que ello afecte a la licitud del tratamiento basado en el consentimiento previo a su retirada.<\/p>\r\n<p>Alternativamente, tambi\u00e9n puede dirigirse a nosotros mediante correo postal a la siguiente direcci\u00f3n: <strong>C\/ CORREO, 80\u00a0&#8211; 08800 VILANOVA I LA GELTR\u00da<\/strong>\u00a0adjuntado una fotocopia del DNI, para la certeza de su identidad. Recuerde facilitar la mayor informaci\u00f3n posible sobre su solicitud: Nombre y apellidos, direcci\u00f3n de correo electr\u00f3nico que utiliza para la cuenta o portal objeto de tu solicitud.<\/p>\r\n<p>Por \u00faltimo, le informamos que puede dirigirse ante la Agencia Espa\u00f1ola de Protecci\u00f3n de Datos y dem\u00e1s organismos p\u00fablicos competentes para cualquier reclamaci\u00f3n derivada del tratamiento de tus datos personales.<\/p>\r\n<p><strong>Pol\u00edtica de cookies<\/strong><\/p>\r\n<p>Para conocer las cookies que utilizamos en nuestra p\u00e1gina, recuerde que puede acceder a nuestra Pol\u00edtica de Cookies a trav\u00e9s del siguiente enlace\u00a0<span><a href=\"https:\/\/vng-innova.com\/ca\/politica-de-cookies\/\">pol\u00edtica de cookies<\/a><\/span>.<\/p>\r\n[\/vc_column_text][vc_empty_space][\/vc_column][\/vc_row]","protected":false},"excerpt":{"rendered":"<p>[vc_row][vc_column][vc_column_text] Datos relativos al Responsable Responsable TratamientoEmpresa: VNG-INNOVA SL &#8211; B16773517Direccion: C\/ CORREO, 80 &#8211; 08800 VILANOVA I LA GELTR\u00daContacto: arafael.vnginnova@gmail.com &#8211; 935319480 Delegado Proteccion de DatosNombre: Aurelia RafaelContacto: 697355360 Finalidades En cumplimiento de lo dispuesto en el Reglamento Europeo 2016\/679 General de Protecci\u00f3n de Datos, le informamos de que, dependiendo de la relaci\u00f3n que [&hellip;]<\/p>\n","protected":false},"author":1,"featured_media":0,"parent":0,"menu_order":0,"comment_status":"closed","ping_status":"open","template":"","meta":{"_monsterinsights_skip_tracking":false,"_monsterinsights_sitenote_active":false,"_monsterinsights_sitenote_note":"","_monsterinsights_sitenote_category":0,"footnotes":""},"class_list":["post-1622","page","type-page","status-publish","hentry"],"aioseo_notices":[],"_links":{"self":[{"href":"https:\/\/vng-innova.com\/ca\/wp-json\/wp\/v2\/pages\/1622","targetHints":{"allow":["GET"]}}],"collection":[{"href":"https:\/\/vng-innova.com\/ca\/wp-json\/wp\/v2\/pages"}],"about":[{"href":"https:\/\/vng-innova.com\/ca\/wp-json\/wp\/v2\/types\/page"}],"author":[{"embeddable":true,"href":"https:\/\/vng-innova.com\/ca\/wp-json\/wp\/v2\/users\/1"}],"replies":[{"embeddable":true,"href":"https:\/\/vng-innova.com\/ca\/wp-json\/wp\/v2\/comments?post=1622"}],"version-history":[{"count":0,"href":"https:\/\/vng-innova.com\/ca\/wp-json\/wp\/v2\/pages\/1622\/revisions"}],"wp:attachment":[{"href":"https:\/\/vng-innova.com\/ca\/wp-json\/wp\/v2\/media?parent=1622"}],"curies":[{"name":"wp","href":"https:\/\/api.w.org\/{rel}","templated":true}]}}